{"id":15,"date":"2019-03-28T01:12:24","date_gmt":"2019-03-28T00:12:24","guid":{"rendered":"https:\/\/hundarutanhem.se\/hundpromenaden\/?page_id=15"},"modified":"2020-02-29T13:11:42","modified_gmt":"2020-02-29T12:11:42","slug":"information","status":"publish","type":"page","link":"https:\/\/hundarutanhem.se\/hundpromenaden\/information\/","title":{"rendered":"Information"},"content":{"rendered":"<p>S\u00f6ndagen den <strong>3 maj<\/strong> kl <strong>13.00<\/strong> samlar volont\u00e4rer s\u00e5 m\u00e5nga deltagare som m\u00f6jligt f\u00f6r att g\u00e5 en trevlig Hundpromenad. Ju fler volont\u00e4rer som h\u00e5ller i en promenad desto fler orter kommer Hundpromenaden att h\u00e5llas p\u00e5. Alla som deltar i promenaden sk\u00e4nker minst 75 kr som oavkortat g\u00e5r till Hundar Utan Hems veterin\u00e4rkostnader. Sj\u00e4lvklart kan vem som helst delta i promenaden, med eller utan hund.<\/p>\n<h4>Insamlingsm\u00e5l<\/h4>\n<p>Varje \u00e5r bekostar Hundar Utan Hem veterin\u00e4rv\u00e5rd f\u00f6r flera hundra tusen kronor i Sverige och p\u00e5 Irland. Under <a href=\"https:\/\/hundarutanhem.se\/hjalp-oss\/insamlingar\/\">insamlingar<\/a> kan du l\u00e4sa om n\u00e5gra av de hundar som nyligen varit i behov av akut veterin\u00e4rv\u00e5rd.<\/p>\n<p>2018 genomf\u00f6rdes hela <strong>59 promenader<\/strong> p\u00e5 olika orter och tillsammans samlades det in fantastiska 74.400 kr! M\u00e5let f\u00f6r \u00e5r 2019 \u00e4r att samla in \u00f6ver 75.000 kr s\u00e5 att vi kan hj\u00e4lpa \u00e4nnu fler beh\u00f6vande hundar. F\u00f6r att n\u00e5 m\u00e5let beh\u00f6ver vi Din hj\u00e4lp att arrangera eller delta p\u00e5 en promenad i ditt n\u00e4romr\u00e5de.<\/p>\n<p>Vill du arrangera en Hundpromenad? L\u00e4s mer under <a href=\"https:\/\/hundarutanhem.se\/hundpromenaden\/arrangera\/\">Arrangera Promenad<\/a>!<\/p>\n<h4>Lite sj\u00e4lvklara men viktiga regler under promenaden<\/h4>\n<ul>\n<li>Alla hundar ska vara kopplade. Inga flexikoppel eller l\u00f6plinor s\u00e5 att hundar kan trassla in sig i varandra.<\/li>\n<li>Respektera andra hund\u00e4gare och de hundar som ej vill h\u00e4lsa p\u00e5 andra hundar.<\/li>\n<li>M.a.o. sl\u00e4pp inte fram hunden till ok\u00e4nda hundar och hund\u00e4gare.<\/li>\n<li>Tala g\u00e4rna om ifall din hund beh\u00f6ver extra utrymme.<\/li>\n<li>Ge os\u00e4kra\/reaktiva hundar utrymme. Vi rekommenderar att os\u00e4kra hundar g\u00e5r sist eftersom de k\u00e4nner sig tryggast med \u00f6vriga hundar framf\u00f6r sig.<\/li>\n<li>T\u00e4nk p\u00e5 att inte l\u00e5ta hundarna h\u00e4lsa p\u00e5 varandra innan promenaden har b\u00f6rjat. Vill du p\u00e5 egen risk introducera din hund f\u00f6r en annan hund. Be hund\u00e4garen om till\u00e5telse men &#8211; V\u00e4nta med att introducera hundarna f\u00f6r varandra tills dess att vi b\u00f6rjat g\u00e5 promenaden.<\/li>\n<blockquote><p>Promenaden ska vara trevlig f\u00f6r ALLA! D\u00e4rf\u00f6r \u00e4r det viktigt att vi t\u00e4nker p\u00e5 varandra och andra\u00a0<\/em><em>hundars behov och s\u00e4kerhet. Vi som arrang\u00f6rer tar inget ansvar f\u00f6r om hundar till\u00e5ts h\u00e4lsa p\u00e5\u00a0varandra.<\/p><\/blockquote>\n","protected":false},"excerpt":{"rendered":"<p>S\u00f6ndagen den 3 maj kl 13.00 samlar volont\u00e4rer s\u00e5 m\u00e5nga deltagare som m\u00f6jligt f\u00f6r att g\u00e5 en trevlig Hundpromenad. Ju fler volont\u00e4rer som h\u00e5ller i en promenad desto fler orter kommer Hundpromenaden att h\u00e5llas p\u00e5. Alla som deltar i promenaden sk\u00e4nker minst 75 kr som oavkortat g\u00e5r till Hundar Utan Hems veterin\u00e4rkostnader. Sj\u00e4lvklart kan vem [&hellip;]<\/p>\n","protected":false},"author":1,"featured_media":0,"parent":0,"menu_order":0,"comment_status":"closed","ping_status":"closed","template":"","meta":[],"_links":{"self":[{"href":"https:\/\/hundarutanhem.se\/hundpromenaden\/wp-json\/wp\/v2\/pages\/15"}],"collection":[{"href":"https:\/\/hundarutanhem.se\/hundpromenaden\/wp-json\/wp\/v2\/pages"}],"about":[{"href":"https:\/\/hundarutanhem.se\/hundpromenaden\/wp-json\/wp\/v2\/types\/page"}],"author":[{"embeddable":true,"href":"https:\/\/hundarutanhem.se\/hundpromenaden\/wp-json\/wp\/v2\/users\/1"}],"replies":[{"embeddable":true,"href":"https:\/\/hundarutanhem.se\/hundpromenaden\/wp-json\/wp\/v2\/comments?post=15"}],"version-history":[{"count":8,"href":"https:\/\/hundarutanhem.se\/hundpromenaden\/wp-json\/wp\/v2\/pages\/15\/revisions"}],"predecessor-version":[{"id":145,"href":"https:\/\/hundarutanhem.se\/hundpromenaden\/wp-json\/wp\/v2\/pages\/15\/revisions\/145"}],"wp:attachment":[{"href":"https:\/\/hundarutanhem.se\/hundpromenaden\/wp-json\/wp\/v2\/media?parent=15"}],"curies":[{"name":"wp","href":"https:\/\/api.w.org\/{rel}","templated":true}]}}